{"id":20,"date":"2025-03-27T07:44:06","date_gmt":"2025-03-27T07:44:06","guid":{"rendered":"https:\/\/annesaussard.com\/?page_id=20"},"modified":"2025-03-28T13:51:59","modified_gmt":"2025-03-28T13:51:59","slug":"politique-cookies","status":"publish","type":"page","link":"https:\/\/annesaussard.com\/en\/politique-cookies\/","title":{"rendered":"Politique de cookies"},"content":{"rendered":"<p>[et_pb_section fb_built=\u00a0\u00bb1&Prime; _builder_version=\u00a0\u00bb4.27.4&Prime; _module_preset=\u00a0\u00bbdefault\u00a0\u00bb custom_padding=\u00a0\u00bb0rem||||false|false\u00a0\u00bb global_colors_info=\u00a0\u00bb{}\u00a0\u00bb theme_builder_area=\u00a0\u00bbpost_content\u00a0\u00bb][et_pb_row _builder_version=\u00a0\u00bb4.27.4&Prime; _module_preset=\u00a0\u00bbdefault\u00a0\u00bb width=\u00a0\u00bb85%\u00a0\u00bb global_colors_info=\u00a0\u00bb{}\u00a0\u00bb theme_builder_area=\u00a0\u00bbpost_content\u00a0\u00bb][et_pb_column type=\u00a0\u00bb4_4&Prime; _builder_version=\u00a0\u00bb4.27.4&Prime; _module_preset=\u00a0\u00bbdefault\u00a0\u00bb global_colors_info=\u00a0\u00bb{}\u00a0\u00bb theme_builder_area=\u00a0\u00bbpost_content\u00a0\u00bb][et_pb_text _builder_version=\u00a0\u00bb4.27.4&Prime; _module_preset=\u00a0\u00bbdefault\u00a0\u00bb header_text_align=\u00a0\u00bbcenter\u00a0\u00bb header_font_size=\u00a0\u00bb55px\u00a0\u00bb custom_margin=\u00a0\u00bb||3rem||false|false\u00a0\u00bb custom_margin_tablet=\u00a0\u00bb||2rem||false|false\u00a0\u00bb custom_margin_phone=\u00a0\u00bb||2rem||false|false\u00a0\u00bb custom_margin_last_edited=\u00a0\u00bbon|tablet\u00a0\u00bb hover_enabled=\u00a0\u00bb0&Prime; header_font_size_tablet=\u00a0\u00bb45px\u00a0\u00bb header_font_size_phone=\u00a0\u00bb43px\u00a0\u00bb header_font_size_last_edited=\u00a0\u00bbon|phone\u00a0\u00bb global_colors_info=\u00a0\u00bb{}\u00a0\u00bb theme_builder_area=\u00a0\u00bbpost_content\u00a0\u00bb sticky_enabled=\u00a0\u00bb0&Prime;]<\/p>\n<h1>Politique sur les cookies<\/h1>\n<p>[\/et_pb_text][et_pb_text _builder_version=\u00a0\u00bb4.27.4&Prime; _module_preset=\u00a0\u00bbdefault\u00a0\u00bb link_font=\u00a0\u00bb|600|||on|||#C27856|\u00a0\u00bb hover_enabled=\u00a0\u00bb0&Prime; global_colors_info=\u00a0\u00bb{}\u00a0\u00bb theme_builder_area=\u00a0\u00bbpost_content\u00a0\u00bb sticky_enabled=\u00a0\u00bb0&Prime;]<\/p>\n<h2>Sur quoi porte cette politique ?<\/h2>\n<p>Lors de la consultation de notre site annesaussard.com, des cookies (et autres traceurs) sont d\u00e9pos\u00e9s ou lus sur le terminal que vous utilisez (votre ordinateur, votre mobile ou votre tablette).<\/p>\n<p>Cette politique vous explique quels types de cookies nous utilisons et \u00e0 quelles fins.<\/p>\n<p>Nous vous expliquons aussi quels sont vos droits concernant ces cookies et comment vous pouvez les exercer.<\/p>\n<p>Cette politique vous donne des informations compl\u00e9mentaires \u00e0 celles que vous retrouvez au niveau du Bandeau cookies que vous visualisez lorsque vous naviguez sur notre site.<\/p>\n<p>Cette politique relative aux Cookies est r\u00e9dig\u00e9e conform\u00e9ment \u00e0 la loi n\u00b078-17 du 6 janvier 1978 (dite \u00ab Loi informatique et libert\u00e9s \u00bb ou \u00ab LIL \u00bb) et au R\u00e8glement G\u00e9n\u00e9ral sur la protection des Donn\u00e9es Personnelles (\u00ab RGDP \u00bb) n\u00b02016\/679.<\/p>\n<h2>Qui est le responsable de cette politique ?<\/h2>\n<p>Le responsable de traitement est Anne Saussard, exer\u00e7ant en entreprise individuelle.<br \/>Les coordonn\u00e9es du responsable de traitement sont les suivantes : Walecznych 10 03-916 Varsovie .<br \/>Le responsable est joignable au num\u00e9ro suivant : +33(0)607751157.<br \/>L&rsquo;adresse \u00e9lectronique de contact est la suivante : saussard.anne@gmail.com.<\/p>\n<h2>Qu\u2019est-ce qu\u2019un cookie et \u00e0 quoi sert-il ?<\/h2>\n<p>Le cookie est un traceur. Lorsqu\u2019un internaute navigue sur un site internet, il permet de collecter des informations personnelles \u00e0 son sujet.<br \/>Lorsque l\u2019internaute utilise son ordinateur, les cookies sont g\u00e9r\u00e9s par votre navigateur internet (Internet Explorer, Firefox, Safari ou encore Google Chrome).<\/p>\n<p>Il existe d\u2019autres types de traceurs, en plus des cookies (ex : pixel invisible, fingerprinting, local storage, cookie flash).<\/p>\n<p>Certains cookies sont internes au site internet, d\u2019autres sont des cookies tiers plac\u00e9s sur le site par des soci\u00e9t\u00e9s tierces.<\/p>\n<p>Par simplicit\u00e9, nous utiliserons dans cette charte le terme de \u00ab cookies \u00bb pour viser diff\u00e9rents types de traceurs.<\/p>\n<p>Un cookie peut collecter diff\u00e9rentes donn\u00e9es personnelles \u00e0 votre sujet comme par exemple, l\u2019adresse IP de votre ordinateur, le navigateur utilis\u00e9, la date et l\u2019heure de connexion, les pages visit\u00e9es sur le site, etc.<\/p>\n<h2>Quels sont les types de cookies que nous utilisons sur ce site internet ?<\/h2>\n<p>Les types de cookies que nous utilisons sur le site internet sont les suivants :<\/p>\n<ul>\n<li>des cookies permettant, facilitant le fonctionnement du site<\/li>\n<\/ul>\n<h2>Quels sont vos droits en mati\u00e8re de cookies ?<\/h2>\n<p>Conform\u00e9ment \u00e0 l\u2019article 82 de la Loi Informatique et Libert\u00e9s du 6 janvier 1978, l\u2019internaute est inform\u00e9 des traitements de donn\u00e9es personnelles r\u00e9alis\u00e9s par le biais de cookies.<\/p>\n<p>La pr\u00e9sente charte permet de remplir cette obligation d\u2019information.<\/p>\n<p>Par ailleurs, si nous utilisons des cookies n\u00e9cessitant le consentement de l&rsquo;internaute, le recueil du consentement se fait alors sur le site internet.<\/p>\n<p>Tant que l\u2019internaute n\u2019a pas \u00e9t\u00e9 inform\u00e9 et n&rsquo;a pas donn\u00e9 son consentement express, ce type de cookies n&rsquo;est pas d\u00e9pos\u00e9 ou lu sur son terminal.<\/p>\n<p>Le consentement est demand\u00e9 pour chaque type de cookie (par finalit\u00e9).<\/p>\n<p>La liste des fournisseurs de cookies tiers est donn\u00e9e au moment du recueil de consentement.<\/p>\n<p>L\u2019utilisateur a la possibilit\u00e9 de retarder son choix et de se d\u00e9cider plus tard. Tant que son consentement n\u2019est pas donn\u00e9, aucun cookie n\u2019est d\u00e9pos\u00e9.<\/p>\n<p>L\u2019utilisateur a la possibilit\u00e9 de refuser le d\u00e9p\u00f4t de ces cookies.<\/p>\n<p>Il lui est possible de retirer son consentement \u00e0 tout moment et aussi facilement qu\u2019il l\u2019a donn\u00e9.<\/p>\n<p>Les cookies d\u00e9pos\u00e9s ont une dur\u00e9e de vie maximum de 13 mois. A l\u2019issue de cette dur\u00e9e, le consentement est \u00e0 nouveau demand\u00e9.<\/p>\n<h2>L\u2019internaute est inform\u00e9 qu\u2019il peut d\u00e9sactiver les cookies en param\u00e9trant son navigateur internet :<\/h2>\n<p>Si l\u2019internaute souhaite supprimer les cookies enregistr\u00e9s sur son terminal et param\u00e9trer son navigateur pour refuser les cookies, il peut le faire via les pr\u00e9f\u00e9rences de son navigateur internet.<\/p>\n<p>Ces options de navigation relatives aux cookies se trouvent habituellement dans les menus \u00ab Options \u00bb, \u00ab Pr\u00e9f\u00e9rences \u00bb ou \u00ab Outils \u00bb du navigateur.<\/p>\n<p>Pour en savoir plus sur les r\u00e8gles applicables en mati\u00e8re de cookies, l&rsquo;internaute peut consulter les liens suivants :<\/p>\n<p><a href=\"https:\/\/www.cnil.fr\/fr\/cookies-et-autres-traceurs-la-cnil-publie-de-nouvelles-lignes-directrices\">https:\/\/www.cnil.fr\/fr\/cookies-et-autres-traceurs-la-cnil-publie-de-nouvelles-lignes-directrices<\/a><\/p>\n<p><a href=\"https:\/\/www.legifrance.gouv.fr\/affichTexte.do?cidTexte=JORFTEXT000038783337\">https:\/\/www.legifrance.gouv.fr\/affichTexte.do?cidTexte=JORFTEXT000038783337<\/a>\u00a0<\/p>\n<h2>Sort des donn\u00e9es \u00e0 caract\u00e8re personnel apr\u00e8s le d\u00e9c\u00e8s &#8211; Droit d\u2019acc\u00e8s, de rectification, de suppression et de portabilit\u00e9 des donn\u00e9es<\/h2>\n<p>La personne concern\u00e9e par un traitement peut d\u00e9finir des directives relatives \u00e0 la conservation, \u00e0 l\u2019effacement et \u00e0 la communication de ses donn\u00e9es personnelles apr\u00e8s son d\u00e9c\u00e8s. Ces directives peuvent \u00eatre g\u00e9n\u00e9rales ou particuli\u00e8res.<\/p>\n<p>La personne concern\u00e9e par un traitement b\u00e9n\u00e9ficie \u00e9galement d\u2019un droit d\u2019acc\u00e8s, d\u2019opposition, de rectification, de suppression et, \u00e0 certaines conditions, de portabilit\u00e9 de ses donn\u00e9es personnelles. La personne concern\u00e9e a le droit de retirer son consentement \u00e0 tout moment si le consentement constitue la base l\u00e9gale du traitement.<\/p>\n<p>La demande devra indiquer les nom et pr\u00e9nom, adresse e-mail ou postale, de la personne concern\u00e9e, et \u00eatre sign\u00e9e et accompagn\u00e9e d\u2019un justificatif d\u2019identit\u00e9 en cours de validit\u00e9.<\/p>\n<p>Elle peut exercer ces droits en s\u2019adressant au propri\u00e9taire du site, \u00e0 l&rsquo;adresse mail suivante : saussard.anne@gmail.com.<\/p>\n<p>La personne concern\u00e9e par un traitement a le droit d\u2019introduire une r\u00e9clamation aupr\u00e8s de l\u2019autorit\u00e9 de contr\u00f4le (CNIL) : <a href=\"https:\/\/www.cnil.fr\/fr\/webform\/adresser-une-plainte\">https:\/\/www.cnil.fr\/fr\/webform\/adresser-une-plainte<\/a>\u00a0<\/p>\n<p>&nbsp;<\/p>\n<p>[\/et_pb_text][\/et_pb_column][\/et_pb_row][\/et_pb_section]<\/p>\n","protected":false},"excerpt":{"rendered":"<p>Politique sur les cookiesSur quoi porte cette politique ? Lors de la consultation de notre site annesaussard.com, des cookies (et autres traceurs) sont d\u00e9pos\u00e9s ou lus sur le terminal que vous utilisez (votre ordinateur, votre mobile ou votre tablette). Cette politique vous explique quels types de cookies nous utilisons et \u00e0 quelles fins. Nous vous [&hellip;]<\/p>\n","protected":false},"author":1,"featured_media":0,"parent":0,"menu_order":0,"comment_status":"closed","ping_status":"closed","template":"","meta":{"_et_pb_use_builder":"on","_et_pb_old_content":"<!-- wp:divi\/placeholder \/-->","_et_gb_content_width":"","footnotes":""},"dipi_cpt_category":[],"class_list":["post-20","page","type-page","status-publish","hentry"],"yoast_head":"<!-- This site is optimized with the Yoast SEO plugin v27.5 - https:\/\/yoast.com\/product\/yoast-seo-wordpress\/ -->\n<title>Politique de cookies - Anne Saussard<\/title>\n<meta name=\"robots\" content=\"index, follow, max-snippet:-1, max-image-preview:large, max-video-preview:-1\" \/>\n<link rel=\"canonical\" href=\"https:\/\/annesaussard.com\/en\/politique-cookies\/\" \/>\n<meta property=\"og:locale\" content=\"en_GB\" \/>\n<meta property=\"og:type\" content=\"article\" \/>\n<meta property=\"og:title\" content=\"Politique de cookies - Anne Saussard\" \/>\n<meta property=\"og:description\" content=\"Politique sur les cookiesSur quoi porte cette politique ? Lors de la consultation de notre site annesaussard.com, des cookies (et autres traceurs) sont d\u00e9pos\u00e9s ou lus sur le terminal que vous utilisez (votre ordinateur, votre mobile ou votre tablette). Cette politique vous explique quels types de cookies nous utilisons et \u00e0 quelles fins. Nous vous [&hellip;]\" \/>\n<meta property=\"og:url\" content=\"https:\/\/annesaussard.com\/en\/politique-cookies\/\" \/>\n<meta property=\"og:site_name\" content=\"Anne Saussard\" \/>\n<meta property=\"article:publisher\" content=\"https:\/\/www.facebook.com\/people\/AnneSaussardreflexologue\/61558524803595\/\" \/>\n<meta property=\"article:modified_time\" content=\"2025-03-28T13:51:59+00:00\" \/>\n<meta name=\"twitter:card\" content=\"summary_large_image\" \/>\n<meta name=\"twitter:label1\" content=\"Estimated reading time\" \/>\n\t<meta name=\"twitter:data1\" content=\"5 minutes\" \/>\n<script type=\"application\/ld+json\" class=\"yoast-schema-graph\">{\"@context\":\"https:\\\/\\\/schema.org\",\"@graph\":[{\"@type\":\"WebPage\",\"@id\":\"https:\\\/\\\/annesaussard.com\\\/politique-cookies\\\/\",\"url\":\"https:\\\/\\\/annesaussard.com\\\/politique-cookies\\\/\",\"name\":\"Politique de cookies - Anne Saussard\",\"isPartOf\":{\"@id\":\"https:\\\/\\\/annesaussard.com\\\/#website\"},\"datePublished\":\"2025-03-27T07:44:06+00:00\",\"dateModified\":\"2025-03-28T13:51:59+00:00\",\"breadcrumb\":{\"@id\":\"https:\\\/\\\/annesaussard.com\\\/politique-cookies\\\/#breadcrumb\"},\"inLanguage\":\"en-GB\",\"potentialAction\":[{\"@type\":\"ReadAction\",\"target\":[\"https:\\\/\\\/annesaussard.com\\\/politique-cookies\\\/\"]}]},{\"@type\":\"BreadcrumbList\",\"@id\":\"https:\\\/\\\/annesaussard.com\\\/politique-cookies\\\/#breadcrumb\",\"itemListElement\":[{\"@type\":\"ListItem\",\"position\":1,\"name\":\"Accueil\",\"item\":\"https:\\\/\\\/annesaussard.com\\\/\"},{\"@type\":\"ListItem\",\"position\":2,\"name\":\"Politique de cookies\"}]},{\"@type\":\"WebSite\",\"@id\":\"https:\\\/\\\/annesaussard.com\\\/#website\",\"url\":\"https:\\\/\\\/annesaussard.com\\\/\",\"name\":\"Anne Saussard\",\"description\":\"R\u00e9flexologue \u00e0 Varsovie | Warszawa\",\"publisher\":{\"@id\":\"https:\\\/\\\/annesaussard.com\\\/#organization\"},\"potentialAction\":[{\"@type\":\"SearchAction\",\"target\":{\"@type\":\"EntryPoint\",\"urlTemplate\":\"https:\\\/\\\/annesaussard.com\\\/?s={search_term_string}\"},\"query-input\":{\"@type\":\"PropertyValueSpecification\",\"valueRequired\":true,\"valueName\":\"search_term_string\"}}],\"inLanguage\":\"en-GB\"},{\"@type\":\"Organization\",\"@id\":\"https:\\\/\\\/annesaussard.com\\\/#organization\",\"name\":\"Anne Saussard\",\"url\":\"https:\\\/\\\/annesaussard.com\\\/\",\"logo\":{\"@type\":\"ImageObject\",\"inLanguage\":\"en-GB\",\"@id\":\"https:\\\/\\\/annesaussard.com\\\/#\\\/schema\\\/logo\\\/image\\\/\",\"url\":\"https:\\\/\\\/annesaussard.com\\\/wp-content\\\/uploads\\\/2025\\\/03\\\/logo-anne-saussard-reflexologue-varsovie-Warszawa.svg\",\"contentUrl\":\"https:\\\/\\\/annesaussard.com\\\/wp-content\\\/uploads\\\/2025\\\/03\\\/logo-anne-saussard-reflexologue-varsovie-Warszawa.svg\",\"width\":1,\"height\":1,\"caption\":\"Anne Saussard\"},\"image\":{\"@id\":\"https:\\\/\\\/annesaussard.com\\\/#\\\/schema\\\/logo\\\/image\\\/\"},\"sameAs\":[\"https:\\\/\\\/www.facebook.com\\\/people\\\/AnneSaussardreflexologue\\\/61558524803595\\\/\",\"https:\\\/\\\/www.instagram.com\\\/anne_saussard.reflexologue\\\/\"]}]}<\/script>\n<!-- \/ Yoast SEO plugin. -->","yoast_head_json":{"title":"Politique de cookies - Anne Saussard","robots":{"index":"index","follow":"follow","max-snippet":"max-snippet:-1","max-image-preview":"max-image-preview:large","max-video-preview":"max-video-preview:-1"},"canonical":"https:\/\/annesaussard.com\/en\/politique-cookies\/","og_locale":"en_GB","og_type":"article","og_title":"Politique de cookies - Anne Saussard","og_description":"Politique sur les cookiesSur quoi porte cette politique ? Lors de la consultation de notre site annesaussard.com, des cookies (et autres traceurs) sont d\u00e9pos\u00e9s ou lus sur le terminal que vous utilisez (votre ordinateur, votre mobile ou votre tablette). Cette politique vous explique quels types de cookies nous utilisons et \u00e0 quelles fins. Nous vous [&hellip;]","og_url":"https:\/\/annesaussard.com\/en\/politique-cookies\/","og_site_name":"Anne Saussard","article_publisher":"https:\/\/www.facebook.com\/people\/AnneSaussardreflexologue\/61558524803595\/","article_modified_time":"2025-03-28T13:51:59+00:00","twitter_card":"summary_large_image","twitter_misc":{"Estimated reading time":"5 minutes"},"schema":{"@context":"https:\/\/schema.org","@graph":[{"@type":"WebPage","@id":"https:\/\/annesaussard.com\/politique-cookies\/","url":"https:\/\/annesaussard.com\/politique-cookies\/","name":"Politique de cookies - Anne Saussard","isPartOf":{"@id":"https:\/\/annesaussard.com\/#website"},"datePublished":"2025-03-27T07:44:06+00:00","dateModified":"2025-03-28T13:51:59+00:00","breadcrumb":{"@id":"https:\/\/annesaussard.com\/politique-cookies\/#breadcrumb"},"inLanguage":"en-GB","potentialAction":[{"@type":"ReadAction","target":["https:\/\/annesaussard.com\/politique-cookies\/"]}]},{"@type":"BreadcrumbList","@id":"https:\/\/annesaussard.com\/politique-cookies\/#breadcrumb","itemListElement":[{"@type":"ListItem","position":1,"name":"Accueil","item":"https:\/\/annesaussard.com\/"},{"@type":"ListItem","position":2,"name":"Politique de cookies"}]},{"@type":"WebSite","@id":"https:\/\/annesaussard.com\/#website","url":"https:\/\/annesaussard.com\/","name":"Anne Saussard","description":"R\u00e9flexologue \u00e0 Varsovie | Warszawa","publisher":{"@id":"https:\/\/annesaussard.com\/#organization"},"potentialAction":[{"@type":"SearchAction","target":{"@type":"EntryPoint","urlTemplate":"https:\/\/annesaussard.com\/?s={search_term_string}"},"query-input":{"@type":"PropertyValueSpecification","valueRequired":true,"valueName":"search_term_string"}}],"inLanguage":"en-GB"},{"@type":"Organization","@id":"https:\/\/annesaussard.com\/#organization","name":"Anne Saussard","url":"https:\/\/annesaussard.com\/","logo":{"@type":"ImageObject","inLanguage":"en-GB","@id":"https:\/\/annesaussard.com\/#\/schema\/logo\/image\/","url":"https:\/\/annesaussard.com\/wp-content\/uploads\/2025\/03\/logo-anne-saussard-reflexologue-varsovie-Warszawa.svg","contentUrl":"https:\/\/annesaussard.com\/wp-content\/uploads\/2025\/03\/logo-anne-saussard-reflexologue-varsovie-Warszawa.svg","width":1,"height":1,"caption":"Anne Saussard"},"image":{"@id":"https:\/\/annesaussard.com\/#\/schema\/logo\/image\/"},"sameAs":["https:\/\/www.facebook.com\/people\/AnneSaussardreflexologue\/61558524803595\/","https:\/\/www.instagram.com\/anne_saussard.reflexologue\/"]}]}},"_links":{"self":[{"href":"https:\/\/annesaussard.com\/en\/wp-json\/wp\/v2\/pages\/20","targetHints":{"allow":["GET"]}}],"collection":[{"href":"https:\/\/annesaussard.com\/en\/wp-json\/wp\/v2\/pages"}],"about":[{"href":"https:\/\/annesaussard.com\/en\/wp-json\/wp\/v2\/types\/page"}],"author":[{"embeddable":true,"href":"https:\/\/annesaussard.com\/en\/wp-json\/wp\/v2\/users\/1"}],"replies":[{"embeddable":true,"href":"https:\/\/annesaussard.com\/en\/wp-json\/wp\/v2\/comments?post=20"}],"version-history":[{"count":3,"href":"https:\/\/annesaussard.com\/en\/wp-json\/wp\/v2\/pages\/20\/revisions"}],"predecessor-version":[{"id":114,"href":"https:\/\/annesaussard.com\/en\/wp-json\/wp\/v2\/pages\/20\/revisions\/114"}],"wp:attachment":[{"href":"https:\/\/annesaussard.com\/en\/wp-json\/wp\/v2\/media?parent=20"}],"wp:term":[{"taxonomy":"dipi_cpt_category","embeddable":true,"href":"https:\/\/annesaussard.com\/en\/wp-json\/wp\/v2\/dipi_cpt_category?post=20"}],"curies":[{"name":"wp","href":"https:\/\/api.w.org\/{rel}","templated":true}]}}